{"id":1442,"date":"2017-09-26T10:52:34","date_gmt":"2017-09-26T08:52:34","guid":{"rendered":"http:\/\/www.archiwum.diecezjazg.pl\/?page_id=1442"},"modified":"2017-09-26T10:52:34","modified_gmt":"2017-09-26T08:52:34","slug":"akta-parafii-katolickiej-boznow-eckersdorf-zespol-78-sygnatura-pboz-kat","status":"publish","type":"page","link":"https:\/\/archiwum.diecezjazg.pl\/index.php\/zasoby-archiwalne\/akta-parafii-katolickiej-boznow-eckersdorf-zespol-78-sygnatura-pboz-kat\/","title":{"rendered":"Akta parafii katolickiej Bo\u017cn\u00f3w Eckersdorf, zesp\u00f3\u0142 78, sygnatura PBo\u017c-kat"},"content":{"rendered":"\n<table id=\"tablepress-28\" class=\"tablepress tablepress-id-28\">\n<thead>\n<tr class=\"row-1 odd\">\n\t<th class=\"column-1\">Sygn<\/th><th class=\"column-2\">Zesp\u00f3\u0142 78<\/th><th class=\"column-3\">Tytu\u0142<\/th><th class=\"column-4\">Rok_ant<\/th><th class=\"column-5\">Rok_p<\/th><th class=\"column-6\">Rok_k<\/th><th class=\"column-7\">Rok_pos<\/th><th class=\"column-8\">Opis_fizyczny<\/th><th class=\"column-9\">ilo\u015b\u0107 stron<\/th><th class=\"column-10\">wymiar<\/th><th class=\"column-11\">j\u0119zyk<\/th><th class=\"column-12\">Sygnatury dawne<\/th><th class=\"column-13\">Uwagi<\/th>\n<\/tr>\n<\/thead>\n<tbody class=\"row-hover\">\n<tr class=\"row-2 even\">\n\t<td class=\"column-1\">Pbo\u017c-kat 1<\/td><td class=\"column-2\">Parafia rzymskokatolicka Bo\u017cn\u00f3w (Eckersdorf)<\/td><td class=\"column-3\">Duplicat der Tauf, Trauunungs und Begraebniss-Registers der katholischen Pfarrkirche zu Eckersdorf<\/td><td class=\"column-4\"><\/td><td class=\"column-5\">1866<\/td><td class=\"column-6\">1866<\/td><td class=\"column-7\"><\/td><td class=\"column-8\">poszyt<\/td><td class=\"column-9\"><\/td><td class=\"column-10\"><\/td><td class=\"column-11\">niem<\/td><td class=\"column-12\"><\/td><td class=\"column-13\">Archiwum Parafii p.w. Wniebowzi\u0119cia NMP \u017baga\u0144<\/td>\n<\/tr>\n<tr class=\"row-3 odd\">\n\t<td class=\"column-1\">Pbo\u017c-kat 2<\/td><td class=\"column-2\">Parafia rzymskokatolicka Bo\u017cn\u00f3w (Eckersdorf)<\/td><td class=\"column-3\">Duplicat der Tauf, Trauunungs und Begraebniss-Buecher zu Eckersdorf, Petersdorf=Chrobr\u00f3w und Ndr Buchwald<\/td><td class=\"column-4\"><\/td><td class=\"column-5\">1869<\/td><td class=\"column-6\">1869<\/td><td class=\"column-7\"><\/td><td class=\"column-8\">poszyt<\/td><td class=\"column-9\"><\/td><td class=\"column-10\"><\/td><td class=\"column-11\">niem<\/td><td class=\"column-12\"><\/td><td class=\"column-13\">Archiwum Parafii p.w. Wniebowzi\u0119cia NMP \u017baga\u0144<\/td>\n<\/tr>\n<\/tbody>\n<\/table>\n<!-- #tablepress-28 from cache -->\n","protected":false},"excerpt":{"rendered":"","protected":false},"author":1,"featured_media":0,"parent":46,"menu_order":0,"comment_status":"closed","ping_status":"closed","template":"","meta":{"ngg_post_thumbnail":0},"_links":{"self":[{"href":"https:\/\/archiwum.diecezjazg.pl\/index.php\/wp-json\/wp\/v2\/pages\/1442"}],"collection":[{"href":"https:\/\/archiwum.diecezjazg.pl\/index.php\/wp-json\/wp\/v2\/pages"}],"about":[{"href":"https:\/\/archiwum.diecezjazg.pl\/index.php\/wp-json\/wp\/v2\/types\/page"}],"author":[{"embeddable":true,"href":"https:\/\/archiwum.diecezjazg.pl\/index.php\/wp-json\/wp\/v2\/users\/1"}],"replies":[{"embeddable":true,"href":"https:\/\/archiwum.diecezjazg.pl\/index.php\/wp-json\/wp\/v2\/comments?post=1442"}],"version-history":[{"count":1,"href":"https:\/\/archiwum.diecezjazg.pl\/index.php\/wp-json\/wp\/v2\/pages\/1442\/revisions"}],"predecessor-version":[{"id":1443,"href":"https:\/\/archiwum.diecezjazg.pl\/index.php\/wp-json\/wp\/v2\/pages\/1442\/revisions\/1443"}],"up":[{"embeddable":true,"href":"https:\/\/archiwum.diecezjazg.pl\/index.php\/wp-json\/wp\/v2\/pages\/46"}],"wp:attachment":[{"href":"https:\/\/archiwum.diecezjazg.pl\/index.php\/wp-json\/wp\/v2\/media?parent=1442"}],"curies":[{"name":"wp","href":"https:\/\/api.w.org\/{rel}","templated":true}]}}