{"id":1438,"date":"2017-09-26T10:45:41","date_gmt":"2017-09-26T08:45:41","guid":{"rendered":"http:\/\/www.archiwum.diecezjazg.pl\/?page_id=1438"},"modified":"2017-09-26T10:45:41","modified_gmt":"2017-09-26T08:45:41","slug":"akta-kosciola-ewangelickiego-bojadla-boyadel-zespol-76-sygnatura-pboj-ew","status":"publish","type":"page","link":"https:\/\/archiwum.diecezjazg.pl\/index.php\/zasoby-archiwalne\/akta-kosciola-ewangelickiego-bojadla-boyadel-zespol-76-sygnatura-pboj-ew\/","title":{"rendered":"Akta ko\u015bcio\u0142a ewangelickiego Bojad\u0142a Boyadel, zesp\u00f3\u0142 76, sygnatura PBoj-ew"},"content":{"rendered":"\n<table id=\"tablepress-26\" class=\"tablepress tablepress-id-26\">\n<thead>\n<tr class=\"row-1 odd\">\n\t<th class=\"column-1\">Sygn<\/th><th class=\"column-2\">Zesp\u00f3\u0142 76<\/th><th class=\"column-3\">Tytu\u0142<\/th><th class=\"column-4\">Rok_ant<\/th><th class=\"column-5\">Rok_p<\/th><th class=\"column-6\">Rok_k<\/th><th class=\"column-7\">Rok_pos<\/th><th class=\"column-8\">Opis_fizyczny<\/th><th class=\"column-9\">ilo\u015b\u0107 stron<\/th><th class=\"column-10\">wymiar<\/th><th class=\"column-11\">j\u0119zyk<\/th><th class=\"column-12\">Sygnatury dawne<\/th><th class=\"column-13\">Uwagi<\/th>\n<\/tr>\n<\/thead>\n<tbody class=\"row-hover\">\n<tr class=\"row-2 even\">\n\t<td class=\"column-1\">Pboj-ew 1<\/td><td class=\"column-2\">Ko\u015bci\u00f3\u0142 ewangelicki Bojad\u0142a (Boyadel)<\/td><td class=\"column-3\">Kirchen Currenden zu Boyadel<\/td><td class=\"column-4\"><\/td><td class=\"column-5\">1772<\/td><td class=\"column-6\">1820<\/td><td class=\"column-7\"><\/td><td class=\"column-8\">ksi\u0119ga<\/td><td class=\"column-9\">brak pag.<\/td><td class=\"column-10\"><\/td><td class=\"column-11\">niem<\/td><td class=\"column-12\"> <\/td><td class=\"column-13\"> AP Bojad\u0142a<\/td>\n<\/tr>\n<tr class=\"row-3 odd\">\n\t<td class=\"column-1\">Pboj-ew 2<\/td><td class=\"column-2\">Ko\u015bci\u00f3\u0142 ewangelicki Bojad\u0142a (Boyadel)<\/td><td class=\"column-3\">Rechnung Ewangelischen Kirchen zu Boyadel<\/td><td class=\"column-4\"><\/td><td class=\"column-5\">1775<\/td><td class=\"column-6\">1797<\/td><td class=\"column-7\"><\/td><td class=\"column-8\">ksi\u0119ga<\/td><td class=\"column-9\">brak pag.<\/td><td class=\"column-10\"><\/td><td class=\"column-11\">niem<\/td><td class=\"column-12\"> <\/td><td class=\"column-13\"> AP Bojad\u0142a<\/td>\n<\/tr>\n<tr class=\"row-4 even\">\n\t<td class=\"column-1\">Pboj-ew 3<\/td><td class=\"column-2\">Ko\u015bci\u00f3\u0142 ewangelicki Bojad\u0142a (Boyadel)<\/td><td class=\"column-3\">Kirchen Buch der Comunicanten<\/td><td class=\"column-4\"><\/td><td class=\"column-5\">1766<\/td><td class=\"column-6\">1771<\/td><td class=\"column-7\"><\/td><td class=\"column-8\">ksi\u0119ga<\/td><td class=\"column-9\">brak pag.<\/td><td class=\"column-10\"><\/td><td class=\"column-11\">niem<\/td><td class=\"column-12\"> <\/td><td class=\"column-13\"> AP Bojad\u0142a<\/td>\n<\/tr>\n<tr class=\"row-5 odd\">\n\t<td class=\"column-1\">Pboj-ew 4<\/td><td class=\"column-2\">Ko\u015bci\u00f3\u0142 ewangelicki Bojad\u0142a (Boyadel)<\/td><td class=\"column-3\">Confirmanden Kinder<\/td><td class=\"column-4\"><\/td><td class=\"column-5\">1888<\/td><td class=\"column-6\">1944<\/td><td class=\"column-7\"><\/td><td class=\"column-8\">ksi\u0119ga<\/td><td class=\"column-9\">brak pag.<\/td><td class=\"column-10\"><\/td><td class=\"column-11\">niem<\/td><td class=\"column-12\"> <\/td><td class=\"column-13\"> AP Bojad\u0142a<\/td>\n<\/tr>\n<tr class=\"row-6 even\">\n\t<td class=\"column-1\">Pboj-ew 5<\/td><td class=\"column-2\">Ko\u015bci\u00f3\u0142 ewangelicki Bojad\u0142a (Boyadel)<\/td><td class=\"column-3\">Akta szkolne<\/td><td class=\"column-4\"><\/td><td class=\"column-5\">1857<\/td><td class=\"column-6\">1878<\/td><td class=\"column-7\"><\/td><td class=\"column-8\">poszyt<\/td><td class=\"column-9\">brak pag.<\/td><td class=\"column-10\"><\/td><td class=\"column-11\">niem<\/td><td class=\"column-12\"> <\/td><td class=\"column-13\"> AP Bojad\u0142a<\/td>\n<\/tr>\n<tr class=\"row-7 odd\">\n\t<td class=\"column-1\">Pboj-ew 6<\/td><td class=\"column-2\">Ko\u015bci\u00f3\u0142 ewangelicki Bojad\u0142a (Boyadel)<\/td><td class=\"column-3\">Ulotki, listy, akta wizytacyjne<\/td><td class=\"column-4\"><\/td><td class=\"column-5\">1821<\/td><td class=\"column-6\">1917<\/td><td class=\"column-7\"><\/td><td class=\"column-8\">akta lu\u017ane<\/td><td class=\"column-9\">brak pag.<\/td><td class=\"column-10\"><\/td><td class=\"column-11\">niem<\/td><td class=\"column-12\"> <\/td><td class=\"column-13\"> AP Bojad\u0142a<\/td>\n<\/tr>\n<tr class=\"row-8 even\">\n\t<td class=\"column-1\">Pboj-ew 7<\/td><td class=\"column-2\">Ko\u015bci\u00f3\u0142 ewangelicki Bojad\u0142a (Boyadel)<\/td><td class=\"column-3\">Rachunki<\/td><td class=\"column-4\"><\/td><td class=\"column-5\">1806<\/td><td class=\"column-6\">1822<\/td><td class=\"column-7\"><\/td><td class=\"column-8\">akta lu\u017ane<\/td><td class=\"column-9\">brak pag.<\/td><td class=\"column-10\"><\/td><td class=\"column-11\">niem<\/td><td class=\"column-12\"> <\/td><td class=\"column-13\"> AP Bojad\u0142a<\/td>\n<\/tr>\n<\/tbody>\n<\/table>\n<!-- #tablepress-26 from cache -->\n","protected":false},"excerpt":{"rendered":"","protected":false},"author":1,"featured_media":0,"parent":46,"menu_order":0,"comment_status":"closed","ping_status":"closed","template":"","meta":{"ngg_post_thumbnail":0},"_links":{"self":[{"href":"https:\/\/archiwum.diecezjazg.pl\/index.php\/wp-json\/wp\/v2\/pages\/1438"}],"collection":[{"href":"https:\/\/archiwum.diecezjazg.pl\/index.php\/wp-json\/wp\/v2\/pages"}],"about":[{"href":"https:\/\/archiwum.diecezjazg.pl\/index.php\/wp-json\/wp\/v2\/types\/page"}],"author":[{"embeddable":true,"href":"https:\/\/archiwum.diecezjazg.pl\/index.php\/wp-json\/wp\/v2\/users\/1"}],"replies":[{"embeddable":true,"href":"https:\/\/archiwum.diecezjazg.pl\/index.php\/wp-json\/wp\/v2\/comments?post=1438"}],"version-history":[{"count":1,"href":"https:\/\/archiwum.diecezjazg.pl\/index.php\/wp-json\/wp\/v2\/pages\/1438\/revisions"}],"predecessor-version":[{"id":1439,"href":"https:\/\/archiwum.diecezjazg.pl\/index.php\/wp-json\/wp\/v2\/pages\/1438\/revisions\/1439"}],"up":[{"embeddable":true,"href":"https:\/\/archiwum.diecezjazg.pl\/index.php\/wp-json\/wp\/v2\/pages\/46"}],"wp:attachment":[{"href":"https:\/\/archiwum.diecezjazg.pl\/index.php\/wp-json\/wp\/v2\/media?parent=1438"}],"curies":[{"name":"wp","href":"https:\/\/api.w.org\/{rel}","templated":true}]}}